{"id":150,"date":"2025-06-14T14:39:33","date_gmt":"2025-06-14T14:39:33","guid":{"rendered":"https:\/\/handmade-gifts.nl\/front_page\/"},"modified":"2025-10-04T10:22:46","modified_gmt":"2025-10-04T10:22:46","slug":"front_page","status":"publish","type":"page","link":"https:\/\/handmade-gifts.nl\/de\/","title":{"rendered":""},"content":{"rendered":"<p>Wir von Handmade Gifts glauben, dass die sinnvollsten Geschenke von Hand gemacht sind. Unsere erste Kollektion wurde speziell f\u00fcr die Kleinsten entworfen und umfasst <strong>individuell gestaltbare L\u00e4tzchen, Ponchos und Handt\u00fccher<\/strong> - Perfekt, um Neuank\u00f6mmlinge zu feiern, Babypartys zu veranstalten oder um allt\u00e4gliche Kuschelmomente zu erleben. <a href=\"https:\/\/handmade-gifts.nl\/de\/shop\/\" data-type=\"page\" data-id=\"8\">Shop<\/a><\/p>\n\n\n\n<div class=\"wp-block-group\"><div class=\"wp-block-group__inner-container is-layout-constrained wp-block-group-is-layout-constrained\">\n<div class=\"wp-block-columns is-layout-flex wp-container-core-columns-is-layout-28f84493 wp-block-columns-is-layout-flex\">\n<div class=\"wp-block-column is-layout-flow wp-block-column-is-layout-flow\" style=\"flex-basis:100%\">\n<div class=\"wp-block-group is-nowrap is-layout-flex wp-container-core-group-is-layout-6c531013 wp-block-group-is-layout-flex\">\n<figure class=\"wp-block-gallery has-nested-images columns-default is-cropped wp-block-gallery-1 is-layout-flex wp-block-gallery-is-layout-flex\">\n<figure class=\"wp-block-image size-large is-style-rounded\"><a href=\"https:\/\/handmade-gifts.nl\/de\/produktkategorie\/bundelt\/\"><img loading=\"lazy\" decoding=\"async\" width=\"1024\" height=\"1019\" data-id=\"1526\" src=\"https:\/\/handmade-gifts.nl\/wp-content\/uploads\/2025\/09\/PXL_20250627_134530188.RAW-01.COVER_-1024x1019.jpg\" alt=\"\" class=\"wp-image-1526\" srcset=\"https:\/\/handmade-gifts.nl\/wp-content\/uploads\/2025\/09\/PXL_20250627_134530188.RAW-01.COVER_-1024x1019.jpg 1024w, https:\/\/handmade-gifts.nl\/wp-content\/uploads\/2025\/09\/PXL_20250627_134530188.RAW-01.COVER_-300x298.jpg 300w, https:\/\/handmade-gifts.nl\/wp-content\/uploads\/2025\/09\/PXL_20250627_134530188.RAW-01.COVER_-150x150.jpg 150w, https:\/\/handmade-gifts.nl\/wp-content\/uploads\/2025\/09\/PXL_20250627_134530188.RAW-01.COVER_-768x764.jpg 768w, https:\/\/handmade-gifts.nl\/wp-content\/uploads\/2025\/09\/PXL_20250627_134530188.RAW-01.COVER_-1536x1528.jpg 1536w, https:\/\/handmade-gifts.nl\/wp-content\/uploads\/2025\/09\/PXL_20250627_134530188.RAW-01.COVER_-2048x2037.jpg 2048w, https:\/\/handmade-gifts.nl\/wp-content\/uploads\/2025\/09\/PXL_20250627_134530188.RAW-01.COVER_-12x12.jpg 12w, https:\/\/handmade-gifts.nl\/wp-content\/uploads\/2025\/09\/PXL_20250627_134530188.RAW-01.COVER_-416x414.jpg 416w, https:\/\/handmade-gifts.nl\/wp-content\/uploads\/2025\/09\/PXL_20250627_134530188.RAW-01.COVER_-100x100.jpg 100w\" sizes=\"auto, (max-width: 1024px) 100vw, 1024px\" \/><\/a><figcaption class=\"wp-element-caption\">Kiefer - Regenbogen-Set<\/figcaption><\/figure>\n\n\n\n<figure class=\"wp-block-image size-large is-style-rounded\"><a href=\"https:\/\/handmade-gifts.nl\/de\/produktkategorie\/handtucher\/\"><img loading=\"lazy\" decoding=\"async\" width=\"1021\" height=\"1024\" data-id=\"1527\" src=\"https:\/\/handmade-gifts.nl\/wp-content\/uploads\/2025\/09\/PXL_20250627_135131973.RAW-01.COVER_-1021x1024.jpg\" alt=\"\" class=\"wp-image-1527\" srcset=\"https:\/\/handmade-gifts.nl\/wp-content\/uploads\/2025\/09\/PXL_20250627_135131973.RAW-01.COVER_-1021x1024.jpg 1021w, https:\/\/handmade-gifts.nl\/wp-content\/uploads\/2025\/09\/PXL_20250627_135131973.RAW-01.COVER_-300x300.jpg 300w, https:\/\/handmade-gifts.nl\/wp-content\/uploads\/2025\/09\/PXL_20250627_135131973.RAW-01.COVER_-150x150.jpg 150w, https:\/\/handmade-gifts.nl\/wp-content\/uploads\/2025\/09\/PXL_20250627_135131973.RAW-01.COVER_-768x770.jpg 768w, https:\/\/handmade-gifts.nl\/wp-content\/uploads\/2025\/09\/PXL_20250627_135131973.RAW-01.COVER_-1532x1536.jpg 1532w, https:\/\/handmade-gifts.nl\/wp-content\/uploads\/2025\/09\/PXL_20250627_135131973.RAW-01.COVER_-2043x2048.jpg 2043w, https:\/\/handmade-gifts.nl\/wp-content\/uploads\/2025\/09\/PXL_20250627_135131973.RAW-01.COVER_-12x12.jpg 12w, https:\/\/handmade-gifts.nl\/wp-content\/uploads\/2025\/09\/PXL_20250627_135131973.RAW-01.COVER_-324x324.jpg 324w, https:\/\/handmade-gifts.nl\/wp-content\/uploads\/2025\/09\/PXL_20250627_135131973.RAW-01.COVER_-416x417.jpg 416w, https:\/\/handmade-gifts.nl\/wp-content\/uploads\/2025\/09\/PXL_20250627_135131973.RAW-01.COVER_-100x100.jpg 100w\" sizes=\"auto, (max-width: 1021px) 100vw, 1021px\" \/><\/a><figcaption class=\"wp-element-caption\">Gelb - Elefanten-Set<\/figcaption><\/figure>\n\n\n\n<figure class=\"wp-block-image size-large is-style-rounded\"><a href=\"https:\/\/handmade-gifts.nl\/de\/produktkategorie\/latzchen\/\"><img loading=\"lazy\" decoding=\"async\" width=\"1024\" height=\"1012\" data-id=\"1528\" src=\"https:\/\/handmade-gifts.nl\/wp-content\/uploads\/2025\/09\/PXL_20250701_071035965.RAW-01.COVER_-1024x1012.jpg\" alt=\"\" class=\"wp-image-1528\" srcset=\"https:\/\/handmade-gifts.nl\/wp-content\/uploads\/2025\/09\/PXL_20250701_071035965.RAW-01.COVER_-1024x1012.jpg 1024w, https:\/\/handmade-gifts.nl\/wp-content\/uploads\/2025\/09\/PXL_20250701_071035965.RAW-01.COVER_-300x296.jpg 300w, https:\/\/handmade-gifts.nl\/wp-content\/uploads\/2025\/09\/PXL_20250701_071035965.RAW-01.COVER_-768x759.jpg 768w, https:\/\/handmade-gifts.nl\/wp-content\/uploads\/2025\/09\/PXL_20250701_071035965.RAW-01.COVER_-1536x1518.jpg 1536w, https:\/\/handmade-gifts.nl\/wp-content\/uploads\/2025\/09\/PXL_20250701_071035965.RAW-01.COVER_-2048x2024.jpg 2048w, https:\/\/handmade-gifts.nl\/wp-content\/uploads\/2025\/09\/PXL_20250701_071035965.RAW-01.COVER_-12x12.jpg 12w, https:\/\/handmade-gifts.nl\/wp-content\/uploads\/2025\/09\/PXL_20250701_071035965.RAW-01.COVER_-416x411.jpg 416w, https:\/\/handmade-gifts.nl\/wp-content\/uploads\/2025\/09\/PXL_20250701_071035965.RAW-01.COVER_-100x100.jpg 100w\" sizes=\"auto, (max-width: 1024px) 100vw, 1024px\" \/><\/a><figcaption class=\"wp-element-caption\">Beere - Panda<\/figcaption><\/figure>\n\n\n\n<figure class=\"wp-block-image size-large is-style-rounded\"><a href=\"https:\/\/handmade-gifts.nl\/de\/produktkategorie\/bundelt\/\"><img loading=\"lazy\" decoding=\"async\" width=\"1020\" height=\"1024\" data-id=\"1529\" src=\"https:\/\/handmade-gifts.nl\/wp-content\/uploads\/2025\/09\/PXL_20250831_064045742.RAW-01.COVER_-1020x1024.jpg\" alt=\"\" class=\"wp-image-1529\" srcset=\"https:\/\/handmade-gifts.nl\/wp-content\/uploads\/2025\/09\/PXL_20250831_064045742.RAW-01.COVER_-1020x1024.jpg 1020w, https:\/\/handmade-gifts.nl\/wp-content\/uploads\/2025\/09\/PXL_20250831_064045742.RAW-01.COVER_-300x300.jpg 300w, https:\/\/handmade-gifts.nl\/wp-content\/uploads\/2025\/09\/PXL_20250831_064045742.RAW-01.COVER_-150x150.jpg 150w, https:\/\/handmade-gifts.nl\/wp-content\/uploads\/2025\/09\/PXL_20250831_064045742.RAW-01.COVER_-768x771.jpg 768w, https:\/\/handmade-gifts.nl\/wp-content\/uploads\/2025\/09\/PXL_20250831_064045742.RAW-01.COVER_-1530x1536.jpg 1530w, https:\/\/handmade-gifts.nl\/wp-content\/uploads\/2025\/09\/PXL_20250831_064045742.RAW-01.COVER_-2040x2048.jpg 2040w, https:\/\/handmade-gifts.nl\/wp-content\/uploads\/2025\/09\/PXL_20250831_064045742.RAW-01.COVER_-12x12.jpg 12w, https:\/\/handmade-gifts.nl\/wp-content\/uploads\/2025\/09\/PXL_20250831_064045742.RAW-01.COVER_-324x324.jpg 324w, https:\/\/handmade-gifts.nl\/wp-content\/uploads\/2025\/09\/PXL_20250831_064045742.RAW-01.COVER_-416x418.jpg 416w, https:\/\/handmade-gifts.nl\/wp-content\/uploads\/2025\/09\/PXL_20250831_064045742.RAW-01.COVER_-100x100.jpg 100w\" sizes=\"auto, (max-width: 1020px) 100vw, 1020px\" \/><\/a><figcaption class=\"wp-element-caption\">Aqua - Wal-Set<\/figcaption><\/figure>\n\n\n\n<figure class=\"wp-block-image size-large is-style-rounded\"><a href=\"https:\/\/handmade-gifts.nl\/de\/produktkategorie\/bundelt\/\"><img loading=\"lazy\" decoding=\"async\" width=\"1024\" height=\"1019\" data-id=\"1530\" src=\"https:\/\/handmade-gifts.nl\/wp-content\/uploads\/2025\/09\/PXL_20250831_064359801.RAW-01.COVER1_-1-1024x1019.jpg\" alt=\"\" class=\"wp-image-1530\" srcset=\"https:\/\/handmade-gifts.nl\/wp-content\/uploads\/2025\/09\/PXL_20250831_064359801.RAW-01.COVER1_-1-1024x1019.jpg 1024w, https:\/\/handmade-gifts.nl\/wp-content\/uploads\/2025\/09\/PXL_20250831_064359801.RAW-01.COVER1_-1-300x300.jpg 300w, https:\/\/handmade-gifts.nl\/wp-content\/uploads\/2025\/09\/PXL_20250831_064359801.RAW-01.COVER1_-1-150x150.jpg 150w, https:\/\/handmade-gifts.nl\/wp-content\/uploads\/2025\/09\/PXL_20250831_064359801.RAW-01.COVER1_-1-768x765.jpg 768w, https:\/\/handmade-gifts.nl\/wp-content\/uploads\/2025\/09\/PXL_20250831_064359801.RAW-01.COVER1_-1-1536x1529.jpg 1536w, https:\/\/handmade-gifts.nl\/wp-content\/uploads\/2025\/09\/PXL_20250831_064359801.RAW-01.COVER1_-1-2048x2039.jpg 2048w, https:\/\/handmade-gifts.nl\/wp-content\/uploads\/2025\/09\/PXL_20250831_064359801.RAW-01.COVER1_-1-12x12.jpg 12w, https:\/\/handmade-gifts.nl\/wp-content\/uploads\/2025\/09\/PXL_20250831_064359801.RAW-01.COVER1_-1-416x414.jpg 416w, https:\/\/handmade-gifts.nl\/wp-content\/uploads\/2025\/09\/PXL_20250831_064359801.RAW-01.COVER1_-1-100x100.jpg 100w\" sizes=\"auto, (max-width: 1024px) 100vw, 1024px\" \/><\/a><figcaption class=\"wp-element-caption\">Beere - Koalaset<\/figcaption><\/figure>\n\n\n\n<figure class=\"wp-block-image size-large is-style-rounded\"><a href=\"https:\/\/handmade-gifts.nl\/de\/produktkategorie\/handtucher\/\"><img loading=\"lazy\" decoding=\"async\" width=\"1015\" height=\"1024\" data-id=\"1531\" src=\"https:\/\/handmade-gifts.nl\/wp-content\/uploads\/2025\/09\/PXL_20250831_064430697.RAW-01.COVER_-1015x1024.jpg\" alt=\"\" class=\"wp-image-1531\" srcset=\"https:\/\/handmade-gifts.nl\/wp-content\/uploads\/2025\/09\/PXL_20250831_064430697.RAW-01.COVER_-1015x1024.jpg 1015w, https:\/\/handmade-gifts.nl\/wp-content\/uploads\/2025\/09\/PXL_20250831_064430697.RAW-01.COVER_-297x300.jpg 297w, https:\/\/handmade-gifts.nl\/wp-content\/uploads\/2025\/09\/PXL_20250831_064430697.RAW-01.COVER_-150x150.jpg 150w, https:\/\/handmade-gifts.nl\/wp-content\/uploads\/2025\/09\/PXL_20250831_064430697.RAW-01.COVER_-768x775.jpg 768w, https:\/\/handmade-gifts.nl\/wp-content\/uploads\/2025\/09\/PXL_20250831_064430697.RAW-01.COVER_-1522x1536.jpg 1522w, https:\/\/handmade-gifts.nl\/wp-content\/uploads\/2025\/09\/PXL_20250831_064430697.RAW-01.COVER_-2030x2048.jpg 2030w, https:\/\/handmade-gifts.nl\/wp-content\/uploads\/2025\/09\/PXL_20250831_064430697.RAW-01.COVER_-12x12.jpg 12w, https:\/\/handmade-gifts.nl\/wp-content\/uploads\/2025\/09\/PXL_20250831_064430697.RAW-01.COVER_-416x420.jpg 416w, https:\/\/handmade-gifts.nl\/wp-content\/uploads\/2025\/09\/PXL_20250831_064430697.RAW-01.COVER_-100x100.jpg 100w\" sizes=\"auto, (max-width: 1015px) 100vw, 1015px\" \/><\/a><figcaption class=\"wp-element-caption\">Beere - Koala<\/figcaption><\/figure>\n\n\n\n<figure class=\"wp-block-image size-large is-style-rounded\"><a href=\"https:\/\/handmade-gifts.nl\/de\/produktkategorie\/poncho\/\"><img loading=\"lazy\" decoding=\"async\" width=\"825\" height=\"1024\" data-id=\"1535\" src=\"https:\/\/handmade-gifts.nl\/wp-content\/uploads\/2025\/09\/PXL_20250925_081947510.RAW-01.COVER_-825x1024.jpg\" alt=\"\" class=\"wp-image-1535\" srcset=\"https:\/\/handmade-gifts.nl\/wp-content\/uploads\/2025\/09\/PXL_20250925_081947510.RAW-01.COVER_-825x1024.jpg 825w, https:\/\/handmade-gifts.nl\/wp-content\/uploads\/2025\/09\/PXL_20250925_081947510.RAW-01.COVER_-242x300.jpg 242w, https:\/\/handmade-gifts.nl\/wp-content\/uploads\/2025\/09\/PXL_20250925_081947510.RAW-01.COVER_-768x953.jpg 768w, https:\/\/handmade-gifts.nl\/wp-content\/uploads\/2025\/09\/PXL_20250925_081947510.RAW-01.COVER_-1238x1536.jpg 1238w, https:\/\/handmade-gifts.nl\/wp-content\/uploads\/2025\/09\/PXL_20250925_081947510.RAW-01.COVER_-1650x2048.jpg 1650w, https:\/\/handmade-gifts.nl\/wp-content\/uploads\/2025\/09\/PXL_20250925_081947510.RAW-01.COVER_-10x12.jpg 10w, https:\/\/handmade-gifts.nl\/wp-content\/uploads\/2025\/09\/PXL_20250925_081947510.RAW-01.COVER_-416x516.jpg 416w\" sizes=\"auto, (max-width: 825px) 100vw, 825px\" \/><\/a><figcaption class=\"wp-element-caption\">Beere - Schildkr\u00f6ten-Poncho<\/figcaption><\/figure>\n\n\n\n<figure class=\"wp-block-image size-large is-style-rounded\"><a href=\"https:\/\/handmade-gifts.nl\/de\/produktkategorie\/poncho\/\"><img loading=\"lazy\" decoding=\"async\" width=\"774\" height=\"1024\" data-id=\"1533\" src=\"https:\/\/handmade-gifts.nl\/wp-content\/uploads\/2025\/09\/PXL_20250925_081602043.RAW-01.COVER_-1-774x1024.jpg\" alt=\"\" class=\"wp-image-1533\" srcset=\"https:\/\/handmade-gifts.nl\/wp-content\/uploads\/2025\/09\/PXL_20250925_081602043.RAW-01.COVER_-1-774x1024.jpg 774w, https:\/\/handmade-gifts.nl\/wp-content\/uploads\/2025\/09\/PXL_20250925_081602043.RAW-01.COVER_-1-227x300.jpg 227w, https:\/\/handmade-gifts.nl\/wp-content\/uploads\/2025\/09\/PXL_20250925_081602043.RAW-01.COVER_-1-768x1016.jpg 768w, https:\/\/handmade-gifts.nl\/wp-content\/uploads\/2025\/09\/PXL_20250925_081602043.RAW-01.COVER_-1-1161x1536.jpg 1161w, https:\/\/handmade-gifts.nl\/wp-content\/uploads\/2025\/09\/PXL_20250925_081602043.RAW-01.COVER_-1-1548x2048.jpg 1548w, https:\/\/handmade-gifts.nl\/wp-content\/uploads\/2025\/09\/PXL_20250925_081602043.RAW-01.COVER_-1-9x12.jpg 9w, https:\/\/handmade-gifts.nl\/wp-content\/uploads\/2025\/09\/PXL_20250925_081602043.RAW-01.COVER_-1-416x550.jpg 416w, https:\/\/handmade-gifts.nl\/wp-content\/uploads\/2025\/09\/PXL_20250925_081602043.RAW-01.COVER_-1-scaled.jpg 1935w\" sizes=\"auto, (max-width: 774px) 100vw, 774px\" \/><\/a><figcaption class=\"wp-element-caption\">Kiefer - Regenbogen-Poncho<\/figcaption><\/figure>\n\n\n\n<figure class=\"wp-block-image size-large is-style-rounded\"><a href=\"https:\/\/handmade-gifts.nl\/de\/produktkategorie\/poncho\/\"><img loading=\"lazy\" decoding=\"async\" width=\"822\" height=\"1024\" data-id=\"1534\" src=\"https:\/\/handmade-gifts.nl\/wp-content\/uploads\/2025\/09\/PXL_20250925_081744910.RAW-01.COVER_-1-822x1024.jpg\" alt=\"\" class=\"wp-image-1534\" srcset=\"https:\/\/handmade-gifts.nl\/wp-content\/uploads\/2025\/09\/PXL_20250925_081744910.RAW-01.COVER_-1-822x1024.jpg 822w, https:\/\/handmade-gifts.nl\/wp-content\/uploads\/2025\/09\/PXL_20250925_081744910.RAW-01.COVER_-1-241x300.jpg 241w, https:\/\/handmade-gifts.nl\/wp-content\/uploads\/2025\/09\/PXL_20250925_081744910.RAW-01.COVER_-1-768x957.jpg 768w, https:\/\/handmade-gifts.nl\/wp-content\/uploads\/2025\/09\/PXL_20250925_081744910.RAW-01.COVER_-1-1233x1536.jpg 1233w, https:\/\/handmade-gifts.nl\/wp-content\/uploads\/2025\/09\/PXL_20250925_081744910.RAW-01.COVER_-1-1644x2048.jpg 1644w, https:\/\/handmade-gifts.nl\/wp-content\/uploads\/2025\/09\/PXL_20250925_081744910.RAW-01.COVER_-1-10x12.jpg 10w, https:\/\/handmade-gifts.nl\/wp-content\/uploads\/2025\/09\/PXL_20250925_081744910.RAW-01.COVER_-1-416x518.jpg 416w\" sizes=\"auto, (max-width: 822px) 100vw, 822px\" \/><\/a><figcaption class=\"wp-element-caption\">Aqua - L\u00f6we Poncho<\/figcaption><\/figure>\n<\/figure>\n<\/div>\n<\/div>\n<\/div>\n<\/div><\/div>\n\n\n\n<p>Hi, ich bin Sophia - das Herz hinter Handmade Gifts: In unserer gem\u00fctlichen Werkstatt in Amsterdam stellen wir wundersch\u00f6ne, hochwertige Produkte her, die mit Liebe, Sorgfalt und gro\u00dfem Respekt f\u00fcr die Umwelt gefertigt werden.<\/p>\n\n\n\n<p>Jeder Artikel ist aus weichen, nachhaltigen Materialien gefertigt und kann individuell gestaltet werden, um etwas wirklich Einzigartiges f\u00fcr den kleinen Wonneproppen in Ihrem Leben zu schaffen.<\/p>\n\n\n\n<p>Vielen Dank f\u00fcr Ihren Besuch. Ich kann es kaum erwarten, dass Sie entdecken, was wir f\u00fcr Sie schaffen k\u00f6nnen!<\/p>\n\n\n\n<p>Wenn Sie daran interessiert sind, wie Sie Ihr Produkt anpassen k\u00f6nnen <a href=\"https:\/\/handmade-gifts.nl\/de\/blog\/\" data-type=\"page\" data-id=\"151\">hier klicken<\/a><\/p>\n\n\n\n<p>Mit Liebe,<\/p>\n\n\n\n<p>Sophia<\/p>","protected":false},"excerpt":{"rendered":"<p>Wir von Handmade Gifts glauben, dass die sinnvollsten Geschenke von Hand gemacht sind. Unsere erste Kollektion wurde speziell f\u00fcr die Kleinsten entworfen und umfasst individuell gestaltbare L\u00e4tzchen, Ponchos und Handt\u00fccher - perfekt f\u00fcr Neuank\u00f6mmlinge, Babypartys oder kuschelige Momente im Alltag. Shop Hi, ich bin Sophia - das Herz hinter Handmade Gifts - von unserer gem\u00fctlichen [...]<\/p>","protected":false},"author":1,"featured_media":0,"parent":0,"menu_order":0,"comment_status":"closed","ping_status":"closed","template":"","meta":{"footnotes":""},"class_list":["post-150","page","type-page","status-publish","hentry"],"_links":{"self":[{"href":"https:\/\/handmade-gifts.nl\/de\/wp-json\/wp\/v2\/pages\/150","targetHints":{"allow":["GET"]}}],"collection":[{"href":"https:\/\/handmade-gifts.nl\/de\/wp-json\/wp\/v2\/pages"}],"about":[{"href":"https:\/\/handmade-gifts.nl\/de\/wp-json\/wp\/v2\/types\/page"}],"author":[{"embeddable":true,"href":"https:\/\/handmade-gifts.nl\/de\/wp-json\/wp\/v2\/users\/1"}],"replies":[{"embeddable":true,"href":"https:\/\/handmade-gifts.nl\/de\/wp-json\/wp\/v2\/comments?post=150"}],"version-history":[{"count":0,"href":"https:\/\/handmade-gifts.nl\/de\/wp-json\/wp\/v2\/pages\/150\/revisions"}],"wp:attachment":[{"href":"https:\/\/handmade-gifts.nl\/de\/wp-json\/wp\/v2\/media?parent=150"}],"curies":[{"name":"wp","href":"https:\/\/api.w.org\/{rel}","templated":true}]}}