{"id":232,"date":"2025-06-15T10:05:27","date_gmt":"2025-06-15T10:05:27","guid":{"rendered":"https:\/\/handmade-gifts.nl\/?page_id=232"},"modified":"2025-06-16T17:26:26","modified_gmt":"2025-06-16T17:26:26","slug":"faq","status":"publish","type":"page","link":"https:\/\/handmade-gifts.nl\/de\/faq\/","title":{"rendered":"H\u00e4ufig gestellte Fragen"},"content":{"rendered":"<details class=\"wp-block-details is-layout-flow wp-block-details-is-layout-flow\"><summary>Zahle ich die Transportkosten pro Artikel?<\/summary>\n<p>Wir versenden jede Bestellung mit gr\u00f6\u00dfter Sorgfalt und sorgen daf\u00fcr, dass Ihre handgefertigten Artikel sicher und sch\u00f6n verpackt ankommen. Um sowohl die Nachhaltigkeit als auch die Erschwinglichkeit zu unterst\u00fctzen, optimieren wir den Versand bei jedem Schritt sorgf\u00e4ltig. Wenn Sie mehrere Artikel bestellen, fassen wir diese nach M\u00f6glichkeit in einem Paket zusammen, damit Sie nur einmal f\u00fcr den Versand zahlen. Auf diese Weise reduzieren wir unn\u00f6tige Verpackungen und Emissionen und halten die Kosten niedrig - ein umweltfreundlicher und durchdachter Ansatz f\u00fcr die Lieferung.<\/p>\n<\/details>\n\n\n\n<details class=\"wp-block-details is-layout-flow wp-block-details-is-layout-flow\"><summary>Kann ich meine Bestellung zur\u00fcckgeben?<\/summary>\n<p>Jeder unserer Artikel wird mit viel Liebe und Sorgfalt von Hand gefertigt, nur f\u00fcr Sie. Da wir fast unmittelbar nach der Bestellung mit der Anfertigung Ihres Einzelst\u00fccks beginnen, k\u00f6nnen wir keine R\u00fccksendungen akzeptieren. Wenn Sie Ihre Bestellung stornieren m\u00f6chten, senden Sie uns bitte so schnell wie m\u00f6glich eine E-Mail an <a>sophia@handmade-gifts.nl<\/a>. Wir tun unser Bestes, um Ihnen entgegenzukommen, aber bitte haben Sie Verst\u00e4ndnis daf\u00fcr, dass \u00c4nderungen oder Stornierungen nicht mehr m\u00f6glich sind, sobald die Produktion beginnt - wir m\u00f6chten, dass jede Kreation so besonders und zeitgem\u00e4\u00df ist, wie sie es verdient.<\/p>\n<\/details>\n\n\n\n<details class=\"wp-block-details is-layout-flow wp-block-details-is-layout-flow\"><summary>Wie kann ich weitere Fragen stellen?<\/summary>\n<p>Bitte kontaktieren Sie sophia@handmade-gifts.nl.<\/p>\n<\/details>","protected":false},"excerpt":{"rendered":"","protected":false},"author":1,"featured_media":0,"parent":0,"menu_order":0,"comment_status":"closed","ping_status":"closed","template":"","meta":{"footnotes":""},"class_list":["post-232","page","type-page","status-publish","hentry"],"_links":{"self":[{"href":"https:\/\/handmade-gifts.nl\/de\/wp-json\/wp\/v2\/pages\/232","targetHints":{"allow":["GET"]}}],"collection":[{"href":"https:\/\/handmade-gifts.nl\/de\/wp-json\/wp\/v2\/pages"}],"about":[{"href":"https:\/\/handmade-gifts.nl\/de\/wp-json\/wp\/v2\/types\/page"}],"author":[{"embeddable":true,"href":"https:\/\/handmade-gifts.nl\/de\/wp-json\/wp\/v2\/users\/1"}],"replies":[{"embeddable":true,"href":"https:\/\/handmade-gifts.nl\/de\/wp-json\/wp\/v2\/comments?post=232"}],"version-history":[{"count":0,"href":"https:\/\/handmade-gifts.nl\/de\/wp-json\/wp\/v2\/pages\/232\/revisions"}],"wp:attachment":[{"href":"https:\/\/handmade-gifts.nl\/de\/wp-json\/wp\/v2\/media?parent=232"}],"curies":[{"name":"wp","href":"https:\/\/api.w.org\/{rel}","templated":true}]}}